{"id":2489,"date":"2024-11-02T20:15:45","date_gmt":"2024-11-02T19:15:45","guid":{"rendered":"https:\/\/digistoun.com\/?post_type=product&#038;p=2489"},"modified":"2024-11-23T17:02:18","modified_gmt":"2024-11-23T16:02:18","slug":"microsoft-visio-professional-2024","status":"publish","type":"product","link":"https:\/\/digistoun.com\/es\/producto\/microsoft-visio-professional-2024\/","title":{"rendered":"Clave de Activaci\u00f3n Microsoft Visio Professional 2024"},"content":{"rendered":"<p><strong>Buy Microsoft Visio Professional 2024:<\/strong> Bring your ideas to life with Microsoft Visio Professional 2024, the top tool for creating clear, professional diagrams and visuals. Ideal for business and technical users.<\/p>\n<h3>Features of Visio Professional 2024:<\/h3>\n<p><strong>Versatile Diagramming:<\/strong> Choose from a vast library of shapes, templates, and stencils to create any type of diagram with ease.<\/p>\n<p><strong>Collaboration and Sharing:<\/strong> Work with your team in real-time and share diagrams seamlessly with integration into Microsoft Teams and other Office apps.<\/p>\n<p><strong>Data-Linked Diagrams:<\/strong> Connect your visuals to real-time data from Excel, SharePoint, and other sources for always up-to-date information.<\/p>\n<p><strong>Customizable and Scalable:<\/strong> Perfect for projects of any size, with customizable features to suit both simple and complex diagramming needs.<\/p>\n<h3>About Visio Pro 2024 Activation Key:<\/h3>\n<ul>\n<li>Entrega r\u00e1pida por email.<\/li>\n<li>Product Key can be used on Windows \/ Windows Server.<\/li>\n<li>Compatible con todos los idiomas.<\/li>\n<li>Global Key &#8211; Works Worldwide.<\/li>\n<\/ul>\n<h3>Recibir\u00e1s el producto en tu correo electr\u00f3nico inmediatamente despu\u00e9s de confirmar el pago.<\/h3>","protected":false},"excerpt":{"rendered":"<ul>\n<li>Pago \u00fanico \u2013 Licencia permanente<\/li>\n<li>Compatible con todos los idiomas<\/li>\n<li>Entrega r\u00e1pida por email<\/li>\n<\/ul>","protected":false},"featured_media":2490,"comment_status":"closed","ping_status":"closed","template":"","meta":[],"product_brand":[],"product_cat":[23],"product_tag":[],"class_list":{"0":"post-2489","1":"product","2":"type-product","3":"status-publish","4":"has-post-thumbnail","6":"product_cat-microsoft-visio","8":"first","9":"instock","10":"virtual","11":"purchasable","12":"product-type-simple"},"jetpack_sharing_enabled":true,"_links":{"self":[{"href":"https:\/\/digistoun.com\/es\/wp-json\/wp\/v2\/product\/2489","targetHints":{"allow":["GET"]}}],"collection":[{"href":"https:\/\/digistoun.com\/es\/wp-json\/wp\/v2\/product"}],"about":[{"href":"https:\/\/digistoun.com\/es\/wp-json\/wp\/v2\/types\/product"}],"replies":[{"embeddable":true,"href":"https:\/\/digistoun.com\/es\/wp-json\/wp\/v2\/comments?post=2489"}],"wp:featuredmedia":[{"embeddable":true,"href":"https:\/\/digistoun.com\/es\/wp-json\/wp\/v2\/media\/2490"}],"wp:attachment":[{"href":"https:\/\/digistoun.com\/es\/wp-json\/wp\/v2\/media?parent=2489"}],"wp:term":[{"taxonomy":"product_brand","embeddable":true,"href":"https:\/\/digistoun.com\/es\/wp-json\/wp\/v2\/product_brand?post=2489"},{"taxonomy":"product_cat","embeddable":true,"href":"https:\/\/digistoun.com\/es\/wp-json\/wp\/v2\/product_cat?post=2489"},{"taxonomy":"product_tag","embeddable":true,"href":"https:\/\/digistoun.com\/es\/wp-json\/wp\/v2\/product_tag?post=2489"}],"curies":[{"name":"wp","href":"https:\/\/api.w.org\/{rel}","templated":true}]}}