{"id":2149,"date":"2024-08-03T20:06:43","date_gmt":"2024-08-03T19:06:43","guid":{"rendered":"https:\/\/digistoun.com\/?post_type=product&#038;p=2149"},"modified":"2026-02-08T15:06:45","modified_gmt":"2026-02-08T14:06:45","slug":"office-2019-home-and-business-for-mac","status":"publish","type":"product","link":"https:\/\/digistoun.com\/es\/producto\/office-2019-home-and-business-for-mac\/","title":{"rendered":"Clave de Activaci\u00f3n Office 2019 Home and Business para Mac"},"content":{"rendered":"<p><strong>Microsoft Office 2019 Home and Business<\/strong> es la soluci\u00f3n perfecta para usuarios individuales y peque\u00f1as empresas que buscan herramientas fiables y completas. Incluye Word, Excel, PowerPoint y Outlook en sus versiones cl\u00e1sicas, dise\u00f1adas para optimizar tu trabajo, aumentar la eficiencia y organizar tus tareas con facilidad.<\/p>\n<p><strong>Aplicaciones incluidas en Office 2019 Home and Business:<\/strong><\/p>\n<p>Outlook<\/p>\n<p>Word<\/p>\n<p>Excel<\/p>\n<p>PowerPoint<\/p>\n<h3>Sobre la clave de activaci\u00f3n de Office 2019 Home and Business:<\/h3>\n<ul>\n<li>Entrega r\u00e1pida por email<\/li>\n<li>Compatible con todos los idiomas<\/li>\n<li>Clave global \u2013 Funciona en todo el mundo<\/li>\n<li>1 licencia para 1 Mac<\/li>\n<\/ul>\n<p>Este producto solo es compatible con Mac. Si necesitas la versi\u00f3n para Windows, puedes comprarla <a href=\"https:\/\/digistoun.com\/es\/producto\/office-2019-professional-plus-product-key\/\"><strong>AQU\u00cd<\/strong><\/a><\/p>\n<h3>Recibir\u00e1s el producto en tu correo electr\u00f3nico inmediatamente despu\u00e9s de confirmar el pago.<\/h3>","protected":false},"excerpt":{"rendered":"<ul>\n<li>Pago \u00fanico \u2013 Licencia permanente<\/li>\n<li>Compatible con todos los idiomas<\/li>\n<li>Entrega r\u00e1pida por email<\/li>\n<\/ul>","protected":false},"featured_media":2150,"comment_status":"open","ping_status":"closed","template":"","meta":[],"product_brand":[],"product_cat":[19],"product_tag":[],"class_list":{"0":"post-2149","1":"product","2":"type-product","3":"status-publish","4":"has-post-thumbnail","6":"product_cat-microsoft-office","8":"first","9":"instock","10":"virtual","11":"purchasable","12":"product-type-simple"},"jetpack_sharing_enabled":true,"_links":{"self":[{"href":"https:\/\/digistoun.com\/es\/wp-json\/wp\/v2\/product\/2149","targetHints":{"allow":["GET"]}}],"collection":[{"href":"https:\/\/digistoun.com\/es\/wp-json\/wp\/v2\/product"}],"about":[{"href":"https:\/\/digistoun.com\/es\/wp-json\/wp\/v2\/types\/product"}],"replies":[{"embeddable":true,"href":"https:\/\/digistoun.com\/es\/wp-json\/wp\/v2\/comments?post=2149"}],"wp:featuredmedia":[{"embeddable":true,"href":"https:\/\/digistoun.com\/es\/wp-json\/wp\/v2\/media\/2150"}],"wp:attachment":[{"href":"https:\/\/digistoun.com\/es\/wp-json\/wp\/v2\/media?parent=2149"}],"wp:term":[{"taxonomy":"product_brand","embeddable":true,"href":"https:\/\/digistoun.com\/es\/wp-json\/wp\/v2\/product_brand?post=2149"},{"taxonomy":"product_cat","embeddable":true,"href":"https:\/\/digistoun.com\/es\/wp-json\/wp\/v2\/product_cat?post=2149"},{"taxonomy":"product_tag","embeddable":true,"href":"https:\/\/digistoun.com\/es\/wp-json\/wp\/v2\/product_tag?post=2149"}],"curies":[{"name":"wp","href":"https:\/\/api.w.org\/{rel}","templated":true}]}}