{"id":2147,"date":"2024-08-03T19:01:38","date_gmt":"2024-08-03T18:01:38","guid":{"rendered":"https:\/\/digistoun.com\/?post_type=product&#038;p=2147"},"modified":"2026-02-25T23:44:43","modified_gmt":"2026-02-25T23:44:43","slug":"microsoft-office-365-1-year-subscription","status":"publish","type":"product","link":"https:\/\/digistoun.com\/es\/producto\/microsoft-office-365-1-year-subscription\/","title":{"rendered":"Suscripci\u00f3n Microsoft Office 365 \u2013 1 A\u00f1o"},"content":{"rendered":"<p><strong>Microsoft Office 365<\/strong> es un servicio de suscripci\u00f3n que te permite disfrutar siempre de las \u00faltimas versiones de Word, Excel, PowerPoint y otras aplicaciones de Office, junto con herramientas de colaboraci\u00f3n en la nube. Perfecto para empresas y usuarios que necesitan flexibilidad, actualizaci\u00f3n constante y trabajo en equipo desde cualquier lugar.<\/p>\n<p><strong>Aplicaciones incluidas en Microsoft Office 365:<\/strong><\/p>\n<p>Outlook<\/p>\n<p>Word<\/p>\n<p>Excel<\/p>\n<p>PowerPoint<\/p>\n<p>Access<\/p>\n<p>Publisher<\/p>\n<p>Skype for Business<\/p>\n<p>OneDrive<\/p>\n<p>Microsoft Teams<\/p>\n<h3>Sobre la suscripci\u00f3n de Microsoft Office 365:<\/h3>\n<ul>\n<li>Entrega r\u00e1pida por email.<\/li>\n<li>Funciona en Windows \/ Windows Server \/ Mac \/ iOS \/ Android<\/li>\n<li>Compatible con todos los idiomas.<\/li>\n<li>Garant\u00eda de 1 a\u00f1o<\/li>\n<\/ul>\n<p><strong>Nota:<\/strong> Office 365 es una cuenta con una suscripci\u00f3n de 1 a\u00f1o, <strong>No es una clave de activaci\u00f3n.<\/strong>. Esto significa que, una vez confirmado el pedido, recibir\u00e1s por correo electr\u00f3nico los datos de acceso (correo y contrase\u00f1a) de una cuenta nueva que nunca ha sido utilizada. Despu\u00e9s de iniciar sesi\u00f3n, podr\u00e1s cambiar la contrase\u00f1a por la que prefieras.<\/p>\n<h3>Recibir\u00e1s el producto en tu correo electr\u00f3nico inmediatamente despu\u00e9s de confirmar el pago.<\/h3>","protected":false},"excerpt":{"rendered":"<ul>\n<li>Suscripci\u00f3n de 1 a\u00f1o<\/li>\n<li>Compatible con todos los idiomas<\/li>\n<li>Entrega r\u00e1pida por email<\/li>\n<\/ul>","protected":false},"featured_media":230,"comment_status":"closed","ping_status":"closed","template":"","meta":[],"product_brand":[],"product_cat":[19],"product_tag":[],"class_list":{"0":"post-2147","1":"product","2":"type-product","3":"status-publish","4":"has-post-thumbnail","6":"product_cat-microsoft-office","8":"first","9":"instock","10":"virtual","11":"purchasable","12":"product-type-simple"},"jetpack_sharing_enabled":true,"_links":{"self":[{"href":"https:\/\/digistoun.com\/es\/wp-json\/wp\/v2\/product\/2147","targetHints":{"allow":["GET"]}}],"collection":[{"href":"https:\/\/digistoun.com\/es\/wp-json\/wp\/v2\/product"}],"about":[{"href":"https:\/\/digistoun.com\/es\/wp-json\/wp\/v2\/types\/product"}],"replies":[{"embeddable":true,"href":"https:\/\/digistoun.com\/es\/wp-json\/wp\/v2\/comments?post=2147"}],"wp:featuredmedia":[{"embeddable":true,"href":"https:\/\/digistoun.com\/es\/wp-json\/wp\/v2\/media\/230"}],"wp:attachment":[{"href":"https:\/\/digistoun.com\/es\/wp-json\/wp\/v2\/media?parent=2147"}],"wp:term":[{"taxonomy":"product_brand","embeddable":true,"href":"https:\/\/digistoun.com\/es\/wp-json\/wp\/v2\/product_brand?post=2147"},{"taxonomy":"product_cat","embeddable":true,"href":"https:\/\/digistoun.com\/es\/wp-json\/wp\/v2\/product_cat?post=2147"},{"taxonomy":"product_tag","embeddable":true,"href":"https:\/\/digistoun.com\/es\/wp-json\/wp\/v2\/product_tag?post=2147"}],"curies":[{"name":"wp","href":"https:\/\/api.w.org\/{rel}","templated":true}]}}