{"id":2144,"date":"2024-08-03T18:50:57","date_gmt":"2024-08-03T17:50:57","guid":{"rendered":"https:\/\/digistoun.com\/?post_type=product&#038;p=2144"},"modified":"2026-02-25T23:44:52","modified_gmt":"2026-02-25T23:44:52","slug":"microsoft-visio-professional-2021","status":"publish","type":"product","link":"https:\/\/digistoun.com\/es\/producto\/microsoft-visio-professional-2021\/","title":{"rendered":"Clave de Activaci\u00f3n Microsoft Visio Professional 2021"},"content":{"rendered":"<p><strong>Microsoft Visio Professional 2021 <\/strong>is your go-to tool for creating detailed diagrams and visuals. Designed for business and technical users, it simplifies the creation of flowcharts, org charts, network diagrams, floor plans, and more.<\/p>\n<h3>Features of Microsoft Visio Pro 2021:<\/h3>\n<p><strong>Easy-to-Use Interface:<\/strong> Drag and drop shapes to create professional visuals effortlessly.<\/p>\n<p><strong>Wide Range of Templates:<\/strong> Get started quickly with pre-built templates and stencils for any project.<\/p>\n<p><strong>Collaboration Made Simple:<\/strong> Work with your team in real-time and integrate seamlessly with other Microsoft apps like Teams and SharePoint.<\/p>\n<p><strong>Data-Linked Diagrams:<\/strong> Connect diagrams to data from Excel, SharePoint, or SQL Server for dynamic and up-to-date visuals.<\/p>\n<h3>Product Information:<\/h3>\n<ul>\n<li>Entrega r\u00e1pida por email.<\/li>\n<li>Product Key can be used on Windows \/ Windows Server.<\/li>\n<li>Compatible con todos los idiomas.<\/li>\n<li>Global Key &#8211; Works Worldwide.<\/li>\n<\/ul>\n<h3>Recibir\u00e1s el producto en tu correo electr\u00f3nico inmediatamente despu\u00e9s de confirmar el pago.<\/h3>","protected":false},"excerpt":{"rendered":"<ul>\n<li>Pago \u00fanico \u2013 Licencia permanente<\/li>\n<li>Compatible con todos los idiomas<\/li>\n<li>Entrega r\u00e1pida por email<\/li>\n<\/ul>","protected":false},"featured_media":2145,"comment_status":"closed","ping_status":"closed","template":"","meta":[],"product_brand":[],"product_cat":[23],"product_tag":[],"class_list":{"0":"post-2144","1":"product","2":"type-product","3":"status-publish","4":"has-post-thumbnail","6":"product_cat-microsoft-visio","8":"first","9":"instock","10":"virtual","11":"purchasable","12":"product-type-simple"},"jetpack_sharing_enabled":true,"_links":{"self":[{"href":"https:\/\/digistoun.com\/es\/wp-json\/wp\/v2\/product\/2144","targetHints":{"allow":["GET"]}}],"collection":[{"href":"https:\/\/digistoun.com\/es\/wp-json\/wp\/v2\/product"}],"about":[{"href":"https:\/\/digistoun.com\/es\/wp-json\/wp\/v2\/types\/product"}],"replies":[{"embeddable":true,"href":"https:\/\/digistoun.com\/es\/wp-json\/wp\/v2\/comments?post=2144"}],"wp:featuredmedia":[{"embeddable":true,"href":"https:\/\/digistoun.com\/es\/wp-json\/wp\/v2\/media\/2145"}],"wp:attachment":[{"href":"https:\/\/digistoun.com\/es\/wp-json\/wp\/v2\/media?parent=2144"}],"wp:term":[{"taxonomy":"product_brand","embeddable":true,"href":"https:\/\/digistoun.com\/es\/wp-json\/wp\/v2\/product_brand?post=2144"},{"taxonomy":"product_cat","embeddable":true,"href":"https:\/\/digistoun.com\/es\/wp-json\/wp\/v2\/product_cat?post=2144"},{"taxonomy":"product_tag","embeddable":true,"href":"https:\/\/digistoun.com\/es\/wp-json\/wp\/v2\/product_tag?post=2144"}],"curies":[{"name":"wp","href":"https:\/\/api.w.org\/{rel}","templated":true}]}}