{"id":213,"date":"2023-08-20T13:22:35","date_gmt":"2023-08-20T12:22:35","guid":{"rendered":"http:\/\/digistoun.com\/?post_type=product&#038;p=213"},"modified":"2026-02-25T23:45:16","modified_gmt":"2026-02-25T23:45:16","slug":"windows-11-home-product-key","status":"publish","type":"product","link":"https:\/\/digistoun.com\/es\/producto\/windows-11-home-product-key\/","title":{"rendered":"Clave de Activaci\u00f3n Windows 11 Home"},"content":{"rendered":"<div><strong>Windows 11 Home<\/strong> es la opci\u00f3n ideal para el uso diario en el hogar. Su dise\u00f1o moderno y renovado, junto con funciones mejoradas de seguridad y rendimiento, te permite trabajar, estudiar y disfrutar del entretenimiento con una experiencia fluida y eficiente.<\/div>\n<div>\u00a0<\/div>\n<h3><span style=\"font-size: 20.16px;\">Sobre la clave de activaci\u00f3n de Windows 11 Home:<\/span><\/h3>\n<div>\n<ul>\n<li>Activaci\u00f3n permanente<\/li>\n<li>Entrega instant\u00e1nea por email<\/li>\n<li>Compatible con todos los idiomas<\/li>\n<li>Clave global \u2013 Funciona en todo el mundo<\/li>\n<li>Compatible con sistemas de 32 y 64 bits<\/li>\n<\/ul>\n<\/div>\n<h3>Recibir\u00e1s el producto en tu correo electr\u00f3nico inmediatamente despu\u00e9s de confirmar el pago.<\/h3>","protected":false},"excerpt":{"rendered":"<ul>\n<li>Pago \u00fanico \u2013 Licencia permanente<\/li>\n<li>Compatible con todos los idiomas<\/li>\n<li>Entrega instant\u00e1nea por email<\/li>\n<\/ul>","protected":false},"featured_media":226,"comment_status":"closed","ping_status":"closed","template":"","meta":[],"product_brand":[],"product_cat":[18],"product_tag":[],"class_list":{"0":"post-213","1":"product","2":"type-product","3":"status-publish","4":"has-post-thumbnail","6":"product_cat-microsoft-windows","8":"first","9":"instock","10":"virtual","11":"purchasable","12":"product-type-simple"},"jetpack_sharing_enabled":true,"_links":{"self":[{"href":"https:\/\/digistoun.com\/es\/wp-json\/wp\/v2\/product\/213","targetHints":{"allow":["GET"]}}],"collection":[{"href":"https:\/\/digistoun.com\/es\/wp-json\/wp\/v2\/product"}],"about":[{"href":"https:\/\/digistoun.com\/es\/wp-json\/wp\/v2\/types\/product"}],"replies":[{"embeddable":true,"href":"https:\/\/digistoun.com\/es\/wp-json\/wp\/v2\/comments?post=213"}],"wp:featuredmedia":[{"embeddable":true,"href":"https:\/\/digistoun.com\/es\/wp-json\/wp\/v2\/media\/226"}],"wp:attachment":[{"href":"https:\/\/digistoun.com\/es\/wp-json\/wp\/v2\/media?parent=213"}],"wp:term":[{"taxonomy":"product_brand","embeddable":true,"href":"https:\/\/digistoun.com\/es\/wp-json\/wp\/v2\/product_brand?post=213"},{"taxonomy":"product_cat","embeddable":true,"href":"https:\/\/digistoun.com\/es\/wp-json\/wp\/v2\/product_cat?post=213"},{"taxonomy":"product_tag","embeddable":true,"href":"https:\/\/digistoun.com\/es\/wp-json\/wp\/v2\/product_tag?post=213"}],"curies":[{"name":"wp","href":"https:\/\/api.w.org\/{rel}","templated":true}]}}