{"id":210,"date":"2023-08-20T13:22:34","date_gmt":"2023-08-20T12:22:34","guid":{"rendered":"http:\/\/digistoun.com\/?post_type=product&#038;p=210"},"modified":"2026-02-25T23:45:50","modified_gmt":"2026-02-25T23:45:50","slug":"windows-10-pro-product-key","status":"publish","type":"product","link":"https:\/\/digistoun.com\/es\/producto\/windows-10-pro-product-key\/","title":{"rendered":"Clave de Activaci\u00f3n Windows 10 Pro"},"content":{"rendered":"<div class=\"d-flex flex-column align-items-center align-items-md-start col-md-8\">\n<p><strong>Windows 10 Pro<\/strong> es la soluci\u00f3n ideal para profesionales y empresas que requieren funciones avanzadas y m\u00e1xima seguridad. Ofrece herramientas de administraci\u00f3n flexible, alto rendimiento y protecci\u00f3n reforzada para trabajar con total confianza y mantener tus datos siempre seguros.<\/p>\n<\/div>\n<h3>Sobre la clave de activaci\u00f3n de Windows 10 Pro:<\/h3>\n<ul>\n<li>Activaci\u00f3n permanente<\/li>\n<li>Entrega instant\u00e1nea por email<\/li>\n<li>Compatible con todos los idiomas<\/li>\n<li>Clave global \u2013 Funciona en todo el mundo<\/li>\n<li>Compatible con sistemas de 32 y 64 bits<\/li>\n<\/ul>\n<h3>Recibir\u00e1s el producto en tu correo electr\u00f3nico inmediatamente despu\u00e9s de confirmar el pago.<\/h3>","protected":false},"excerpt":{"rendered":"<ul>\n<li>Pago \u00fanico \u2013 Licencia permanente<\/li>\n<li>Compatible con todos los idiomas<\/li>\n<li>Entrega instant\u00e1nea por email<\/li>\n<\/ul>","protected":false},"featured_media":223,"comment_status":"closed","ping_status":"closed","template":"","meta":[],"product_brand":[],"product_cat":[18],"product_tag":[],"class_list":{"0":"post-210","1":"product","2":"type-product","3":"status-publish","4":"has-post-thumbnail","6":"product_cat-microsoft-windows","8":"first","9":"instock","10":"virtual","11":"purchasable","12":"product-type-simple"},"jetpack_sharing_enabled":true,"_links":{"self":[{"href":"https:\/\/digistoun.com\/es\/wp-json\/wp\/v2\/product\/210","targetHints":{"allow":["GET"]}}],"collection":[{"href":"https:\/\/digistoun.com\/es\/wp-json\/wp\/v2\/product"}],"about":[{"href":"https:\/\/digistoun.com\/es\/wp-json\/wp\/v2\/types\/product"}],"replies":[{"embeddable":true,"href":"https:\/\/digistoun.com\/es\/wp-json\/wp\/v2\/comments?post=210"}],"wp:featuredmedia":[{"embeddable":true,"href":"https:\/\/digistoun.com\/es\/wp-json\/wp\/v2\/media\/223"}],"wp:attachment":[{"href":"https:\/\/digistoun.com\/es\/wp-json\/wp\/v2\/media?parent=210"}],"wp:term":[{"taxonomy":"product_brand","embeddable":true,"href":"https:\/\/digistoun.com\/es\/wp-json\/wp\/v2\/product_brand?post=210"},{"taxonomy":"product_cat","embeddable":true,"href":"https:\/\/digistoun.com\/es\/wp-json\/wp\/v2\/product_cat?post=210"},{"taxonomy":"product_tag","embeddable":true,"href":"https:\/\/digistoun.com\/es\/wp-json\/wp\/v2\/product_tag?post=210"}],"curies":[{"name":"wp","href":"https:\/\/api.w.org\/{rel}","templated":true}]}}